{"id":33916,"date":"2025-12-18T15:30:34","date_gmt":"2025-12-18T18:30:34","guid":{"rendered":"https:\/\/culturabc.com.br\/mca\/?page_id=33916"},"modified":"2025-12-18T16:03:54","modified_gmt":"2025-12-18T19:03:54","slug":"colabore-com-o-museu-a-ceu-aberto","status":"publish","type":"page","link":"https:\/\/culturabc.com.br\/mca\/colabore-com-o-museu-a-ceu-aberto\/","title":{"rendered":"Colabore com o Museu a C\u00e9u Aberto"},"content":{"rendered":"\t\t<div data-elementor-type=\"wp-page\" data-elementor-id=\"33916\" class=\"elementor elementor-33916\" data-elementor-post-type=\"page\">\n\t\t\t\t<div class=\"elementor-element elementor-element-2b26b5d e-flex e-con-boxed e-con e-parent\" data-id=\"2b26b5d\" data-element_type=\"container\" data-settings=\"{&quot;jet_parallax_layout_list&quot;:[]}\">\n\t\t\t\t\t<div class=\"e-con-inner\">\n\t\t<div class=\"elementor-element elementor-element-b4242de e-con-full e-flex e-con e-child\" data-id=\"b4242de\" data-element_type=\"container\" data-settings=\"{&quot;background_background&quot;:&quot;classic&quot;,&quot;jet_parallax_layout_list&quot;:[]}\">\n\t\t\t\t<div class=\"elementor-element elementor-element-13c9653 elementor-widget elementor-widget-heading\" data-id=\"13c9653\" data-element_type=\"widget\" data-widget_type=\"heading.default\">\n\t\t\t\t<div class=\"elementor-widget-container\">\n\t\t\t\t\t<h2 class=\"elementor-heading-title elementor-size-default\">O Museu \u00e9 feito por todos n\u00f3s. <\/h2>\t\t\t\t<\/div>\n\t\t\t\t<\/div>\n\t\t\t\t<div class=\"elementor-element elementor-element-47c4d62 elementor-widget elementor-widget-heading\" data-id=\"47c4d62\" data-element_type=\"widget\" data-widget_type=\"heading.default\">\n\t\t\t\t<div class=\"elementor-widget-container\">\n\t\t\t\t\t<h2 class=\"elementor-heading-title elementor-size-default\">Ajude a mapear nossa hist\u00f3ria.<\/h2>\t\t\t\t<\/div>\n\t\t\t\t<\/div>\n\t\t\t\t<\/div>\n\t\t<div class=\"elementor-element elementor-element-8af7b5b e-con-full e-flex e-con e-child\" data-id=\"8af7b5b\" data-element_type=\"container\" data-settings=\"{&quot;background_background&quot;:&quot;classic&quot;,&quot;jet_parallax_layout_list&quot;:[]}\">\n\t\t<div class=\"elementor-element elementor-element-d2b2c5a e-con-full e-flex e-con e-child\" data-id=\"d2b2c5a\" data-element_type=\"container\" data-settings=\"{&quot;jet_parallax_layout_list&quot;:[]}\">\n\t\t\t\t<div class=\"elementor-element elementor-element-e8ac091 elementor-widget elementor-widget-text-editor\" data-id=\"e8ac091\" data-element_type=\"widget\" data-widget_type=\"text-editor.default\">\n\t\t\t\t<div class=\"elementor-widget-container\">\n\t\t\t\t\t\t\t\t\t<p>O Museu a C\u00e9u Aberto \u00e9 um projeto vivo, assim como a cidade. A arte urbana se transforma, surge e se renova a cada dia, e para manter nosso acervo completo e atualizado, precisamos do seu olhar atento.<\/p><p>Voc\u00ea pode ser um guardi\u00e3o da nossa cultura ajudando-nos a identificar lacunas ou registrar novas descobertas.<\/p><p><strong>Como voc\u00ea pode ajudar?<\/strong><\/p><p><strong>Identifica\u00e7\u00e3o:<\/strong> Reconheceu uma obra que consta como &#8220;Autor Desconhecido&#8221;?<\/p><p><strong>Novas Obras:<\/strong> Viu uma interven\u00e7\u00e3o art\u00edstica na rua que ainda n\u00e3o est\u00e1 no nosso mapa?<\/p><p><strong>Para Artistas:<\/strong> \u00c9 o autor de alguma obra na cidade e quer garantir que ela esteja catalogada corretamente no MCA?<\/p><p>Sua contribui\u00e7\u00e3o \u00e9 fundamental para garantir que a hist\u00f3ria da arte em nossa cidade seja contada da forma correta.<\/p>\t\t\t\t\t\t\t\t<\/div>\n\t\t\t\t<\/div>\n\t\t\t\t<div class=\"elementor-element elementor-element-71c6a2a elementor-widget elementor-widget-heading\" data-id=\"71c6a2a\" data-element_type=\"widget\" data-widget_type=\"heading.default\">\n\t\t\t\t<div class=\"elementor-widget-container\">\n\t\t\t\t\t<h2 class=\"elementor-heading-title elementor-size-default\">Quer contribuir? Fale agora conosco abaixo:<\/h2>\t\t\t\t<\/div>\n\t\t\t\t<\/div>\n\t\t\t\t<div class=\"elementor-element elementor-element-031fee1 elementor-align-left elementor-widget elementor-widget-button\" data-id=\"031fee1\" data-element_type=\"widget\" data-widget_type=\"button.default\">\n\t\t\t\t<div class=\"elementor-widget-container\">\n\t\t\t\t\t\t\t\t\t<div class=\"elementor-button-wrapper\">\n\t\t\t\t\t<a class=\"elementor-button elementor-button-link elementor-size-sm\" href=\"https:\/\/wa.me\/5547991116169?text=Ol%C3%A1%2C%20quero%20colaborar%20com%20o%20MCA.\">\n\t\t\t\t\t\t<span class=\"elementor-button-content-wrapper\">\n\t\t\t\t\t\t<span class=\"elementor-button-icon\">\n\t\t\t\t<svg aria-hidden=\"true\" class=\"e-font-icon-svg e-fab-whatsapp\" viewBox=\"0 0 448 512\" xmlns=\"http:\/\/www.w3.org\/2000\/svg\"><path d=\"M380.9 97.1C339 55.1 283.2 32 223.9 32c-122.4 0-222 99.6-222 222 0 39.1 10.2 77.3 29.6 111L0 480l117.7-30.9c32.4 17.7 68.9 27 106.1 27h.1c122.3 0 224.1-99.6 224.1-222 0-59.3-25.2-115-67.1-157zm-157 341.6c-33.2 0-65.7-8.9-94-25.7l-6.7-4-69.8 18.3L72 359.2l-4.4-7c-18.5-29.4-28.2-63.3-28.2-98.2 0-101.7 82.8-184.5 184.6-184.5 49.3 0 95.6 19.2 130.4 54.1 34.8 34.9 56.2 81.2 56.1 130.5 0 101.8-84.9 184.6-186.6 184.6zm101.2-138.2c-5.5-2.8-32.8-16.2-37.9-18-5.1-1.9-8.8-2.8-12.5 2.8-3.7 5.6-14.3 18-17.6 21.8-3.2 3.7-6.5 4.2-12 1.4-32.6-16.3-54-29.1-75.5-66-5.7-9.8 5.7-9.1 16.3-30.3 1.8-3.7.9-6.9-.5-9.7-1.4-2.8-12.5-30.1-17.1-41.2-4.5-10.8-9.1-9.3-12.5-9.5-3.2-.2-6.9-.2-10.6-.2-3.7 0-9.7 1.4-14.8 6.9-5.1 5.6-19.4 19-19.4 46.3 0 27.3 19.9 53.7 22.6 57.4 2.8 3.7 39.1 59.7 94.8 83.8 35.2 15.2 49 16.5 66.6 13.9 10.7-1.6 32.8-13.4 37.4-26.4 4.6-13 4.6-24.1 3.2-26.4-1.3-2.5-5-3.9-10.5-6.6z\"><\/path><\/svg>\t\t\t<\/span>\n\t\t\t\t\t\t\t\t\t<span class=\"elementor-button-text\">QUERO COLABORAR<\/span>\n\t\t\t\t\t<\/span>\n\t\t\t\t\t<\/a>\n\t\t\t\t<\/div>\n\t\t\t\t\t\t\t\t<\/div>\n\t\t\t\t<\/div>\n\t\t\t\t<\/div>\n\t\t\t\t<\/div>\n\t\t\t\t\t<\/div>\n\t\t\t\t<\/div>\n\t\t\t\t<\/div>\n\t\t","protected":false},"excerpt":{"rendered":"<p>O Museu \u00e9 feito por todos n\u00f3s. Ajude a mapear nossa hist\u00f3ria. O Museu a C\u00e9u Aberto \u00e9 um projeto vivo, assim como a cidade. A arte urbana se transforma, surge e se renova a cada dia, e para manter nosso acervo completo e atualizado, precisamos do seu olhar atento. Voc\u00ea pode ser um guardi\u00e3o [&hellip;]<\/p>\n","protected":false},"author":1,"featured_media":0,"parent":0,"menu_order":0,"comment_status":"closed","ping_status":"closed","template":"","meta":{"footnotes":""},"class_list":["post-33916","page","type-page","status-publish","hentry"],"_links":{"self":[{"href":"https:\/\/culturabc.com.br\/mca\/wp-json\/wp\/v2\/pages\/33916","targetHints":{"allow":["GET"]}}],"collection":[{"href":"https:\/\/culturabc.com.br\/mca\/wp-json\/wp\/v2\/pages"}],"about":[{"href":"https:\/\/culturabc.com.br\/mca\/wp-json\/wp\/v2\/types\/page"}],"author":[{"embeddable":true,"href":"https:\/\/culturabc.com.br\/mca\/wp-json\/wp\/v2\/users\/1"}],"replies":[{"embeddable":true,"href":"https:\/\/culturabc.com.br\/mca\/wp-json\/wp\/v2\/comments?post=33916"}],"version-history":[{"count":10,"href":"https:\/\/culturabc.com.br\/mca\/wp-json\/wp\/v2\/pages\/33916\/revisions"}],"predecessor-version":[{"id":33974,"href":"https:\/\/culturabc.com.br\/mca\/wp-json\/wp\/v2\/pages\/33916\/revisions\/33974"}],"wp:attachment":[{"href":"https:\/\/culturabc.com.br\/mca\/wp-json\/wp\/v2\/media?parent=33916"}],"curies":[{"name":"wp","href":"https:\/\/api.w.org\/{rel}","templated":true}]}}